{"id":8,"date":"2023-02-04T21:04:00","date_gmt":"2023-02-04T21:04:00","guid":{"rendered":"https:\/\/oraculoia.com\/?page_id=8"},"modified":"2023-02-04T21:04:01","modified_gmt":"2023-02-04T21:04:01","slug":"o-que-e-ia","status":"publish","type":"page","link":"https:\/\/oraculoia.com\/index.php\/o-que-e-ia\/","title":{"rendered":"O que \u00e9 IA?"},"content":{"rendered":"\n<p>Intelig\u00eancia Artificial (IA) \u00e9 um ramo da inform\u00e1tica que se concentra na cria\u00e7\u00e3o de sistemas que podem exibir comportamentos inteligentes semelhantes aos humanos. A IA busca simular a capacidade humana de racioc\u00ednio, aprendizado, resolu\u00e7\u00e3o de problemas e tomada de decis\u00f5es, a fim de realizar tarefas que, normalmente, requerem intelig\u00eancia humana.<\/p>\n\n\n\n<p>Os sistemas de IA s\u00e3o baseados em algoritmos e modelos matem\u00e1ticos que permitem a eles aprender a partir de dados e melhorar a sua performance ao longo do tempo. Alguns exemplos de tecnologias de IA incluem reconhecimento de voz, reconhecimento de imagem, chatbots, rob\u00f3tica e sistemas de recomenda\u00e7\u00e3o.<\/p>\n\n\n\n<p>A IA tem aplica\u00e7\u00f5es em muitos setores, incluindo sa\u00fade, finan\u00e7as, varejo, transporte, entre outros, e est\u00e1 ajudando a transformar profundamente a forma como vivemos e trabalhamos. No entanto, a IA tamb\u00e9m traz quest\u00f5es \u00e9ticas e sociais importantes, como a possibilidade de automa\u00e7\u00e3o de empregos e a privacidade dos dados.<\/p>\n","protected":false},"excerpt":{"rendered":"<p>Intelig\u00eancia Artificial (IA) \u00e9 um ramo da inform\u00e1tica que se concentra na cria\u00e7\u00e3o de sistemas [&hellip;]<\/p>\n","protected":false},"author":1,"featured_media":0,"parent":0,"menu_order":0,"comment_status":"closed","ping_status":"closed","template":"","meta":{"_themeisle_gutenberg_block_has_review":false},"yoast_head":"<!-- This site is optimized with the Yoast SEO plugin v20.1 - https:\/\/yoast.com\/wordpress\/plugins\/seo\/ -->\n<title>O que \u00e9 IA? - Or\u00e1culo IA<\/title>\n<meta name=\"robots\" content=\"index, follow, max-snippet:-1, max-image-preview:large, max-video-preview:-1\" \/>\n<link rel=\"canonical\" href=\"https:\/\/oraculoia.com\/index.php\/o-que-e-ia\/\" \/>\n<meta property=\"og:locale\" content=\"en_US\" \/>\n<meta property=\"og:type\" content=\"article\" \/>\n<meta property=\"og:title\" content=\"O que \u00e9 IA? - Or\u00e1culo IA\" \/>\n<meta property=\"og:description\" content=\"Intelig\u00eancia Artificial (IA) \u00e9 um ramo da inform\u00e1tica que se concentra na cria\u00e7\u00e3o de sistemas [&hellip;]\" \/>\n<meta property=\"og:url\" content=\"https:\/\/oraculoia.com\/index.php\/o-que-e-ia\/\" \/>\n<meta property=\"og:site_name\" content=\"Or\u00e1culo IA\" \/>\n<meta property=\"article:modified_time\" content=\"2023-02-04T21:04:01+00:00\" \/>\n<meta name=\"twitter:card\" content=\"summary_large_image\" \/>\n<meta name=\"twitter:label1\" content=\"Est. reading time\" \/>\n\t<meta name=\"twitter:data1\" content=\"1 minute\" \/>\n<script type=\"application\/ld+json\" class=\"yoast-schema-graph\">{\"@context\":\"https:\/\/schema.org\",\"@graph\":[{\"@type\":\"WebPage\",\"@id\":\"https:\/\/oraculoia.com\/index.php\/o-que-e-ia\/\",\"url\":\"https:\/\/oraculoia.com\/index.php\/o-que-e-ia\/\",\"name\":\"O que \u00e9 IA? - Or\u00e1culo IA\",\"isPartOf\":{\"@id\":\"https:\/\/oraculoia.com\/#website\"},\"datePublished\":\"2023-02-04T21:04:00+00:00\",\"dateModified\":\"2023-02-04T21:04:01+00:00\",\"breadcrumb\":{\"@id\":\"https:\/\/oraculoia.com\/index.php\/o-que-e-ia\/#breadcrumb\"},\"inLanguage\":\"en-US\",\"potentialAction\":[{\"@type\":\"ReadAction\",\"target\":[\"https:\/\/oraculoia.com\/index.php\/o-que-e-ia\/\"]}]},{\"@type\":\"BreadcrumbList\",\"@id\":\"https:\/\/oraculoia.com\/index.php\/o-que-e-ia\/#breadcrumb\",\"itemListElement\":[{\"@type\":\"ListItem\",\"position\":1,\"name\":\"Home\",\"item\":\"https:\/\/oraculoia.com\/\"},{\"@type\":\"ListItem\",\"position\":2,\"name\":\"O que \u00e9 IA?\"}]},{\"@type\":\"WebSite\",\"@id\":\"https:\/\/oraculoia.com\/#website\",\"url\":\"https:\/\/oraculoia.com\/\",\"name\":\"Or\u00e1culo IA\",\"description\":\"Servi\u00e7os de Intelig\u00eancia Artificial\",\"publisher\":{\"@id\":\"https:\/\/oraculoia.com\/#organization\"},\"potentialAction\":[{\"@type\":\"SearchAction\",\"target\":{\"@type\":\"EntryPoint\",\"urlTemplate\":\"https:\/\/oraculoia.com\/?s={search_term_string}\"},\"query-input\":\"required name=search_term_string\"}],\"inLanguage\":\"en-US\"},{\"@type\":\"Organization\",\"@id\":\"https:\/\/oraculoia.com\/#organization\",\"name\":\"Or\u00e1culo IA\",\"url\":\"https:\/\/oraculoia.com\/\",\"logo\":{\"@type\":\"ImageObject\",\"inLanguage\":\"en-US\",\"@id\":\"https:\/\/oraculoia.com\/#\/schema\/logo\/image\/\",\"url\":\"https:\/\/oraculoia.com\/wp-content\/uploads\/2023\/02\/logo.jpg\",\"contentUrl\":\"https:\/\/oraculoia.com\/wp-content\/uploads\/2023\/02\/logo.jpg\",\"width\":266,\"height\":223,\"caption\":\"Or\u00e1culo IA\"},\"image\":{\"@id\":\"https:\/\/oraculoia.com\/#\/schema\/logo\/image\/\"}}]}<\/script>\n<!-- \/ Yoast SEO plugin. -->","yoast_head_json":{"title":"O que \u00e9 IA? - Or\u00e1culo IA","robots":{"index":"index","follow":"follow","max-snippet":"max-snippet:-1","max-image-preview":"max-image-preview:large","max-video-preview":"max-video-preview:-1"},"canonical":"https:\/\/oraculoia.com\/index.php\/o-que-e-ia\/","og_locale":"en_US","og_type":"article","og_title":"O que \u00e9 IA? - Or\u00e1culo IA","og_description":"Intelig\u00eancia Artificial (IA) \u00e9 um ramo da inform\u00e1tica que se concentra na cria\u00e7\u00e3o de sistemas [&hellip;]","og_url":"https:\/\/oraculoia.com\/index.php\/o-que-e-ia\/","og_site_name":"Or\u00e1culo IA","article_modified_time":"2023-02-04T21:04:01+00:00","twitter_card":"summary_large_image","twitter_misc":{"Est. reading time":"1 minute"},"schema":{"@context":"https:\/\/schema.org","@graph":[{"@type":"WebPage","@id":"https:\/\/oraculoia.com\/index.php\/o-que-e-ia\/","url":"https:\/\/oraculoia.com\/index.php\/o-que-e-ia\/","name":"O que \u00e9 IA? - Or\u00e1culo IA","isPartOf":{"@id":"https:\/\/oraculoia.com\/#website"},"datePublished":"2023-02-04T21:04:00+00:00","dateModified":"2023-02-04T21:04:01+00:00","breadcrumb":{"@id":"https:\/\/oraculoia.com\/index.php\/o-que-e-ia\/#breadcrumb"},"inLanguage":"en-US","potentialAction":[{"@type":"ReadAction","target":["https:\/\/oraculoia.com\/index.php\/o-que-e-ia\/"]}]},{"@type":"BreadcrumbList","@id":"https:\/\/oraculoia.com\/index.php\/o-que-e-ia\/#breadcrumb","itemListElement":[{"@type":"ListItem","position":1,"name":"Home","item":"https:\/\/oraculoia.com\/"},{"@type":"ListItem","position":2,"name":"O que \u00e9 IA?"}]},{"@type":"WebSite","@id":"https:\/\/oraculoia.com\/#website","url":"https:\/\/oraculoia.com\/","name":"Or\u00e1culo IA","description":"Servi\u00e7os de Intelig\u00eancia Artificial","publisher":{"@id":"https:\/\/oraculoia.com\/#organization"},"potentialAction":[{"@type":"SearchAction","target":{"@type":"EntryPoint","urlTemplate":"https:\/\/oraculoia.com\/?s={search_term_string}"},"query-input":"required name=search_term_string"}],"inLanguage":"en-US"},{"@type":"Organization","@id":"https:\/\/oraculoia.com\/#organization","name":"Or\u00e1culo IA","url":"https:\/\/oraculoia.com\/","logo":{"@type":"ImageObject","inLanguage":"en-US","@id":"https:\/\/oraculoia.com\/#\/schema\/logo\/image\/","url":"https:\/\/oraculoia.com\/wp-content\/uploads\/2023\/02\/logo.jpg","contentUrl":"https:\/\/oraculoia.com\/wp-content\/uploads\/2023\/02\/logo.jpg","width":266,"height":223,"caption":"Or\u00e1culo IA"},"image":{"@id":"https:\/\/oraculoia.com\/#\/schema\/logo\/image\/"}}]}},"_links":{"self":[{"href":"https:\/\/oraculoia.com\/index.php\/wp-json\/wp\/v2\/pages\/8"}],"collection":[{"href":"https:\/\/oraculoia.com\/index.php\/wp-json\/wp\/v2\/pages"}],"about":[{"href":"https:\/\/oraculoia.com\/index.php\/wp-json\/wp\/v2\/types\/page"}],"author":[{"embeddable":true,"href":"https:\/\/oraculoia.com\/index.php\/wp-json\/wp\/v2\/users\/1"}],"replies":[{"embeddable":true,"href":"https:\/\/oraculoia.com\/index.php\/wp-json\/wp\/v2\/comments?post=8"}],"version-history":[{"count":1,"href":"https:\/\/oraculoia.com\/index.php\/wp-json\/wp\/v2\/pages\/8\/revisions"}],"predecessor-version":[{"id":9,"href":"https:\/\/oraculoia.com\/index.php\/wp-json\/wp\/v2\/pages\/8\/revisions\/9"}],"wp:attachment":[{"href":"https:\/\/oraculoia.com\/index.php\/wp-json\/wp\/v2\/media?parent=8"}],"curies":[{"name":"wp","href":"https:\/\/api.w.org\/{rel}","templated":true}]}}